{"id":270,"date":"2024-12-02T12:54:45","date_gmt":"2024-12-02T11:54:45","guid":{"rendered":"https:\/\/mn-travel.hu\/?page_id=270"},"modified":"2025-06-30T21:11:12","modified_gmt":"2025-06-30T19:11:12","slug":"about-us","status":"publish","type":"page","link":"https:\/\/mn-travel.hu\/en\/ismerj-meg-minket\/","title":{"rendered":"About us"},"content":{"rendered":"<div data-elementor-type=\"wp-page\" data-elementor-id=\"270\" class=\"elementor elementor-270\" data-elementor-post-type=\"page\">\n\t\t\t\t<div class=\"elementor-element elementor-element-751ccbb e-con-full e-flex e-con e-parent\" data-id=\"751ccbb\" data-element_type=\"container\" data-e-type=\"container\" data-settings=\"{&quot;background_background&quot;:&quot;classic&quot;}\">\n\t\t\t\t<div class=\"elementor-element elementor-element-1fbe323 elementor-invisible elementor-widget elementor-widget-heading\" data-id=\"1fbe323\" data-element_type=\"widget\" data-e-type=\"widget\" data-settings=\"{&quot;_animation&quot;:&quot;fadeIn&quot;}\" data-widget_type=\"heading.default\">\n\t\t\t\t<div class=\"elementor-widget-container\">\n\t\t\t\t\t<h1 class=\"elementor-heading-title elementor-size-default\">ABOUT US<\/h1>\t\t\t\t<\/div>\n\t\t\t\t<\/div>\n\t\t\t\t<div class=\"elementor-element elementor-element-0d84a0c elementor-invisible elementor-widget elementor-widget-text-editor\" data-id=\"0d84a0c\" data-element_type=\"widget\" data-e-type=\"widget\" data-settings=\"{&quot;_animation&quot;:&quot;fadeIn&quot;}\" data-widget_type=\"text-editor.default\">\n\t\t\t\t<div class=\"elementor-widget-container\">\n\t\t\t\t\t\t\t\t\t<p class=\"translation-block\">Traveling with us is an experience because, as a family business,<br>WE CARE ABOUT YOU<\/p>\t\t\t\t\t\t\t\t<\/div>\n\t\t\t\t<\/div>\n\t\t\t\t<\/div>\n\t\t<div class=\"elementor-element elementor-element-4b751ab e-con-full elementor-hidden-desktop elementor-hidden-laptop elementor-hidden-tablet elementor-hidden-mobile e-flex e-con e-parent\" data-id=\"4b751ab\" data-element_type=\"container\" data-e-type=\"container\">\n\t\t<div class=\"elementor-element elementor-element-3ac66d9 e-con-full e-flex elementor-invisible e-con e-child\" data-id=\"3ac66d9\" data-element_type=\"container\" data-e-type=\"container\" data-settings=\"{&quot;animation&quot;:&quot;zoomIn&quot;}\">\n\t\t\t\t<div class=\"elementor-element elementor-element-7ee9fa1 elementor-widget elementor-widget-heading\" data-id=\"7ee9fa1\" data-element_type=\"widget\" data-e-type=\"widget\" data-widget_type=\"heading.default\">\n\t\t\t\t<div class=\"elementor-widget-container\">\n\t\t\t\t\t<h2 class=\"elementor-heading-title elementor-size-default\">Welcome from the M-TRAVEL Team<\/h2>\t\t\t\t<\/div>\n\t\t\t\t<\/div>\n\t\t\t\t<div class=\"elementor-element elementor-element-9be493b elementor-widget elementor-widget-text-editor\" data-id=\"9be493b\" data-element_type=\"widget\" data-e-type=\"widget\" data-widget_type=\"text-editor.default\">\n\t\t\t\t<div class=\"elementor-widget-container\">\n\t\t\t\t\t\t\t\t\t<p>Our family business began in 1997 when Endre Nagy founded our company to provide high-quality and reliable travel services. Over the years, the family has grown, and today Dia (Endre\u2019s daughter) and Krist\u00f3f (Dia\u2019s partner) are also actively involved in the business. We welcome our passengers with personalized attention and premium services, whether it\u2019s airport transfers, wine tours, or city sightseeing trips. Our goal is to make every journey an enjoyable experience, delivered with care and tailored attention.<\/p>\t\t\t\t\t\t\t\t<\/div>\n\t\t\t\t<\/div>\n\t\t\t\t<div class=\"elementor-element elementor-element-9f4b9af elementor-widget elementor-widget-button\" data-id=\"9f4b9af\" data-element_type=\"widget\" data-e-type=\"widget\" data-widget_type=\"button.default\">\n\t\t\t\t<div class=\"elementor-widget-container\">\n\t\t\t\t\t\t\t\t\t<div class=\"elementor-button-wrapper\">\n\t\t\t\t\t<a class=\"elementor-button elementor-button-link elementor-size-sm\" href=\"https:\/\/mn-travel.hu\/en\/book-online\/\">\n\t\t\t\t\t\t<span class=\"elementor-button-content-wrapper\">\n\t\t\t\t\t\t<span class=\"elementor-button-icon\">\n\t\t\t\t<svg aria-hidden=\"true\" class=\"e-font-icon-svg e-fas-angle-right\" viewbox=\"0 0 256 512\" xmlns=\"http:\/\/www.w3.org\/2000\/svg\"><path d=\"M224.3 273l-136 136c-9.4 9.4-24.6 9.4-33.9 0l-22.6-22.6c-9.4-9.4-9.4-24.6 0-33.9l96.4-96.4-96.4-96.4c-9.4-9.4-9.4-24.6 0-33.9L54.3 103c9.4-9.4 24.6-9.4 33.9 0l136 136c9.5 9.4 9.5 24.6.1 34z\"><\/path><\/svg>\t\t\t<\/span>\n\t\t\t\t\t\t\t\t\t<span class=\"elementor-button-text\">Book Now<\/span>\n\t\t\t\t\t<\/span>\n\t\t\t\t\t<\/a>\n\t\t\t\t<\/div>\n\t\t\t\t\t\t\t\t<\/div>\n\t\t\t\t<\/div>\n\t\t\t\t<\/div>\n\t\t<div class=\"elementor-element elementor-element-bc51117 e-con-full e-flex elementor-invisible e-con e-child\" data-id=\"bc51117\" data-element_type=\"container\" data-e-type=\"container\" data-settings=\"{&quot;background_background&quot;:&quot;classic&quot;,&quot;animation&quot;:&quot;zoomIn&quot;}\">\n\t\t\t\t<\/div>\n\t\t\t\t<\/div>\n\t\t<div class=\"elementor-element elementor-element-e3b72c4 e-flex e-con-boxed e-con e-parent\" data-id=\"e3b72c4\" data-element_type=\"container\" data-e-type=\"container\" data-settings=\"{&quot;background_background&quot;:&quot;classic&quot;}\">\n\t\t\t\t\t<div class=\"e-con-inner\">\n\t\t<div class=\"elementor-element elementor-element-ad58826 e-con-full e-flex elementor-invisible e-con e-child\" data-id=\"ad58826\" data-element_type=\"container\" data-e-type=\"container\" data-settings=\"{&quot;animation&quot;:&quot;zoomIn&quot;}\">\n\t\t\t\t<div class=\"elementor-element elementor-element-7bbe626 elementor-widget elementor-widget-heading\" data-id=\"7bbe626\" data-element_type=\"widget\" data-e-type=\"widget\" data-widget_type=\"heading.default\">\n\t\t\t\t<div class=\"elementor-widget-container\">\n\t\t\t\t\t<h2 class=\"elementor-heading-title elementor-size-default\">Welcome from the M-TRAVEL Team<\/h2>\t\t\t\t<\/div>\n\t\t\t\t<\/div>\n\t\t\t\t<div class=\"elementor-element elementor-element-901c348 elementor-widget elementor-widget-text-editor\" data-id=\"901c348\" data-element_type=\"widget\" data-e-type=\"widget\" data-widget_type=\"text-editor.default\">\n\t\t\t\t<div class=\"elementor-widget-container\">\n\t\t\t\t\t\t\t\t\t<p>Our family business began in 1997 when Endre Nagy founded our company to provide high-quality and reliable travel services. Over the years, the family has grown, and today Dia (Endre\u2019s daughter) and Krist\u00f3f (Dia\u2019s partner) are also actively involved in the business. We welcome our passengers with personalized attention and premium services, whether it\u2019s airport transfers, wine tours, or city sightseeing trips. Our goal is to make every journey an enjoyable experience, delivered with care and tailored attention.<\/p>\t\t\t\t\t\t\t\t<\/div>\n\t\t\t\t<\/div>\n\t\t\t\t<div class=\"elementor-element elementor-element-194a75e elementor-align-center elementor-widget elementor-widget-button\" data-id=\"194a75e\" data-element_type=\"widget\" data-e-type=\"widget\" data-widget_type=\"button.default\">\n\t\t\t\t<div class=\"elementor-widget-container\">\n\t\t\t\t\t\t\t\t\t<div class=\"elementor-button-wrapper\">\n\t\t\t\t\t<a class=\"elementor-button elementor-button-link elementor-size-sm\" href=\"https:\/\/mn-travel.hu\/en\/book-online\/\">\n\t\t\t\t\t\t<span class=\"elementor-button-content-wrapper\">\n\t\t\t\t\t\t<span class=\"elementor-button-icon\">\n\t\t\t\t<svg aria-hidden=\"true\" class=\"e-font-icon-svg e-fas-angle-right\" viewbox=\"0 0 256 512\" xmlns=\"http:\/\/www.w3.org\/2000\/svg\"><path d=\"M224.3 273l-136 136c-9.4 9.4-24.6 9.4-33.9 0l-22.6-22.6c-9.4-9.4-9.4-24.6 0-33.9l96.4-96.4-96.4-96.4c-9.4-9.4-9.4-24.6 0-33.9L54.3 103c9.4-9.4 24.6-9.4 33.9 0l136 136c9.5 9.4 9.5 24.6.1 34z\"><\/path><\/svg>\t\t\t<\/span>\n\t\t\t\t\t\t\t\t\t<span class=\"elementor-button-text\">Book Now<\/span>\n\t\t\t\t\t<\/span>\n\t\t\t\t\t<\/a>\n\t\t\t\t<\/div>\n\t\t\t\t\t\t\t\t<\/div>\n\t\t\t\t<\/div>\n\t\t\t\t<\/div>\n\t\t\t\t\t<\/div>\n\t\t\t\t<\/div>\n\t\t<div class=\"elementor-element elementor-element-2626e68 e-con-full e-flex elementor-invisible e-con e-parent\" data-id=\"2626e68\" data-element_type=\"container\" data-e-type=\"container\" data-settings=\"{&quot;animation&quot;:&quot;fadeIn&quot;}\">\n\t\t\t\t<div class=\"elementor-element elementor-element-08d1e3f elementor-widget elementor-widget-google_maps\" data-id=\"08d1e3f\" data-element_type=\"widget\" data-e-type=\"widget\" data-widget_type=\"google_maps.default\">\n\t\t\t\t<div class=\"elementor-widget-container\">\n\t\t\t\t\t\t\t<div class=\"elementor-custom-embed\">\n\t\t\t<iframe loading=\"lazy\"\n\t\t\t\t\tsrc=\"https:\/\/maps.google.com\/maps?q=Budapest%2C%20K%C3%A1roly%20krt.%2024%2C%201052&#038;t=m&#038;z=10&#038;output=embed&#038;iwloc=near\"\n\t\t\t\t\ttitle=\"Budapest, K\u00e1roly krt. 24, 1052\"\n\t\t\t\t\taria-label=\"Budapest, K\u00e1roly krt. 24, 1052\"\n\t\t\t><\/iframe>\n\t\t<\/div>\n\t\t\t\t\t\t<\/div>\n\t\t\t\t<\/div>\n\t\t\t\t<\/div>\n\t\t<div class=\"elementor-element elementor-element-8e574bf e-flex e-con-boxed elementor-invisible e-con e-parent\" data-id=\"8e574bf\" data-element_type=\"container\" data-e-type=\"container\" data-settings=\"{&quot;animation&quot;:&quot;fadeInUp&quot;}\">\n\t\t\t\t\t<div class=\"e-con-inner\">\n\t\t<div class=\"elementor-element elementor-element-182d99d e-flex e-con-boxed e-con e-child\" data-id=\"182d99d\" data-element_type=\"container\" data-e-type=\"container\" data-settings=\"{&quot;background_background&quot;:&quot;classic&quot;}\">\n\t\t\t\t\t<div class=\"e-con-inner\">\n\t\t<div class=\"elementor-element elementor-element-7b2d15d e-con-full e-flex e-con e-child\" data-id=\"7b2d15d\" data-element_type=\"container\" data-e-type=\"container\">\n\t\t\t\t<div class=\"elementor-element elementor-element-49308c5 elementor-widget elementor-widget-heading\" data-id=\"49308c5\" data-element_type=\"widget\" data-e-type=\"widget\" data-widget_type=\"heading.default\">\n\t\t\t\t<div class=\"elementor-widget-container\">\n\t\t\t\t\t<h2 class=\"elementor-heading-title elementor-size-default\">Contact Us<\/h2>\t\t\t\t<\/div>\n\t\t\t\t<\/div>\n\t\t\t\t<\/div>\n\t\t<div class=\"elementor-element elementor-element-1f443b9 e-con-full e-flex e-con e-child\" data-id=\"1f443b9\" data-element_type=\"container\" data-e-type=\"container\">\n\t\t\t\t<div class=\"elementor-element elementor-element-16b1edb elementor-icon-list--layout-traditional elementor-list-item-link-full_width elementor-widget elementor-widget-icon-list\" data-id=\"16b1edb\" data-element_type=\"widget\" data-e-type=\"widget\" data-widget_type=\"icon-list.default\">\n\t\t\t\t<div class=\"elementor-widget-container\">\n\t\t\t\t\t\t\t<ul class=\"elementor-icon-list-items\">\n\t\t\t\t\t\t\t<li class=\"elementor-icon-list-item\">\n\t\t\t\t\t\t\t\t\t\t\t<span class=\"elementor-icon-list-icon\">\n\t\t\t\t\t\t\t<svg aria-hidden=\"true\" class=\"e-font-icon-svg e-far-calendar-alt\" viewbox=\"0 0 448 512\" xmlns=\"http:\/\/www.w3.org\/2000\/svg\"><path d=\"M148 288h-40c-6.6 0-12-5.4-12-12v-40c0-6.6 5.4-12 12-12h40c6.6 0 12 5.4 12 12v40c0 6.6-5.4 12-12 12zm108-12v-40c0-6.6-5.4-12-12-12h-40c-6.6 0-12 5.4-12 12v40c0 6.6 5.4 12 12 12h40c6.6 0 12-5.4 12-12zm96 0v-40c0-6.6-5.4-12-12-12h-40c-6.6 0-12 5.4-12 12v40c0 6.6 5.4 12 12 12h40c6.6 0 12-5.4 12-12zm-96 96v-40c0-6.6-5.4-12-12-12h-40c-6.6 0-12 5.4-12 12v40c0 6.6 5.4 12 12 12h40c6.6 0 12-5.4 12-12zm-96 0v-40c0-6.6-5.4-12-12-12h-40c-6.6 0-12 5.4-12 12v40c0 6.6 5.4 12 12 12h40c6.6 0 12-5.4 12-12zm192 0v-40c0-6.6-5.4-12-12-12h-40c-6.6 0-12 5.4-12 12v40c0 6.6 5.4 12 12 12h40c6.6 0 12-5.4 12-12zm96-260v352c0 26.5-21.5 48-48 48H48c-26.5 0-48-21.5-48-48V112c0-26.5 21.5-48 48-48h48V12c0-6.6 5.4-12 12-12h40c6.6 0 12 5.4 12 12v52h128V12c0-6.6 5.4-12 12-12h40c6.6 0 12 5.4 12 12v52h48c26.5 0 48 21.5 48 48zm-48 346V160H48v298c0 3.3 2.7 6 6 6h340c3.3 0 6-2.7 6-6z\"><\/path><\/svg>\t\t\t\t\t\t<\/span>\n\t\t\t\t\t\t\t\t\t\t<span class=\"elementor-icon-list-text\">Mon-Fri: 0-24<\/span>\n\t\t\t\t\t\t\t\t\t<\/li>\n\t\t\t\t\t\t\t\t<li class=\"elementor-icon-list-item\">\n\t\t\t\t\t\t\t\t\t\t\t<span class=\"elementor-icon-list-icon\">\n\t\t\t\t\t\t\t<svg aria-hidden=\"true\" class=\"e-font-icon-svg e-far-envelope\" viewbox=\"0 0 512 512\" xmlns=\"http:\/\/www.w3.org\/2000\/svg\"><path d=\"M464 64H48C21.49 64 0 85.49 0 112v288c0 26.51 21.49 48 48 48h416c26.51 0 48-21.49 48-48V112c0-26.51-21.49-48-48-48zm0 48v40.805c-22.422 18.259-58.168 46.651-134.587 106.49-16.841 13.247-50.201 45.072-73.413 44.701-23.208.375-56.579-31.459-73.413-44.701C106.18 199.465 70.425 171.067 48 152.805V112h416zM48 400V214.398c22.914 18.251 55.409 43.862 104.938 82.646 21.857 17.205 60.134 55.186 103.062 54.955 42.717.231 80.509-37.199 103.053-54.947 49.528-38.783 82.032-64.401 104.947-82.653V400H48z\"><\/path><\/svg>\t\t\t\t\t\t<\/span>\n\t\t\t\t\t\t\t\t\t\t<span class=\"elementor-icon-list-text\">info@mn-travel.hu<\/span>\n\t\t\t\t\t\t\t\t\t<\/li>\n\t\t\t\t\t\t<\/ul>\n\t\t\t\t\t\t<\/div>\n\t\t\t\t<\/div>\n\t\t\t\t<div class=\"elementor-element elementor-element-4854028 elementor-icon-list--layout-traditional elementor-list-item-link-full_width elementor-widget elementor-widget-icon-list\" data-id=\"4854028\" data-element_type=\"widget\" data-e-type=\"widget\" data-widget_type=\"icon-list.default\">\n\t\t\t\t<div class=\"elementor-widget-container\">\n\t\t\t\t\t\t\t<ul class=\"elementor-icon-list-items\">\n\t\t\t\t\t\t\t<li class=\"elementor-icon-list-item\">\n\t\t\t\t\t\t\t\t\t\t\t<span class=\"elementor-icon-list-icon\">\n\t\t\t\t\t\t\t<svg aria-hidden=\"true\" class=\"e-font-icon-svg e-fas-phone-alt\" viewbox=\"0 0 512 512\" xmlns=\"http:\/\/www.w3.org\/2000\/svg\"><path d=\"M497.39 361.8l-112-48a24 24 0 0 0-28 6.9l-49.6 60.6A370.66 370.66 0 0 1 130.6 204.11l60.6-49.6a23.94 23.94 0 0 0 6.9-28l-48-112A24.16 24.16 0 0 0 122.6.61l-104 24A24 24 0 0 0 0 48c0 256.5 207.9 464 464 464a24 24 0 0 0 23.4-18.6l24-104a24.29 24.29 0 0 0-14.01-27.6z\"><\/path><\/svg>\t\t\t\t\t\t<\/span>\n\t\t\t\t\t\t\t\t\t\t<span class=\"elementor-icon-list-text\">+36 30 520 1067<\/span>\n\t\t\t\t\t\t\t\t\t<\/li>\n\t\t\t\t\t\t\t\t<li class=\"elementor-icon-list-item\">\n\t\t\t\t\t\t\t\t\t\t\t<span class=\"elementor-icon-list-icon\">\n\t\t\t\t\t\t\t<svg aria-hidden=\"true\" class=\"e-font-icon-svg e-fas-map-marker-alt\" viewbox=\"0 0 384 512\" xmlns=\"http:\/\/www.w3.org\/2000\/svg\"><path d=\"M172.268 501.67C26.97 291.031 0 269.413 0 192 0 85.961 85.961 0 192 0s192 85.961 192 192c0 77.413-26.97 99.031-172.268 309.67-9.535 13.774-29.93 13.773-39.464 0zM192 272c44.183 0 80-35.817 80-80s-35.817-80-80-80-80 35.817-80 80 35.817 80 80 80z\"><\/path><\/svg>\t\t\t\t\t\t<\/span>\n\t\t\t\t\t\t\t\t\t\t<span class=\"elementor-icon-list-text\">1052 Budapest, K\u00e1roly krt. 24. 2\/3.<\/span>\n\t\t\t\t\t\t\t\t\t<\/li>\n\t\t\t\t\t\t<\/ul>\n\t\t\t\t\t\t<\/div>\n\t\t\t\t<\/div>\n\t\t\t\t<\/div>\n\t\t\t\t\t<\/div>\n\t\t\t\t<\/div>\n\t\t\t\t\t<\/div>\n\t\t\t\t<\/div>\n\t\t\t\t<\/div>","protected":false},"excerpt":{"rendered":"<p>R\u00d3LUNK Vel\u00fcnk az utaz\u00e1s \u00e9lm\u00e9ny, mert csal\u00e1di v\u00e1llalkoz\u00e1sk\u00e9ntT\u00d6R\u0150D\u00dcNK VELED \u00dcdv\u00f6z\u00f6l az M-TRAVEL Csapata Csal\u00e1di v\u00e1llalkoz\u00e1sunk t\u00f6rt\u00e9nete 1997-ben kezd\u0151d\u00f6tt, amikor Nagy Endre elind\u00edtotta c\u00e9g\u00fcnket, hogy min\u0151s\u00e9gi \u00e9s megb\u00edzhat\u00f3 utaz\u00e1si szolg\u00e1ltat\u00e1sokat ny\u00fajtson. Az \u00e9vek sor\u00e1n a csal\u00e1d b\u0151v\u00fclt, ma m\u00e1r Dia, (Endre l\u00e1nya), \u00e9s Krist\u00f3f, (Dia p\u00e1rja) is akt\u00edvan r\u00e9szt vesznek a munk\u00e1ban. Szem\u00e9lyre szabott figyelemmel \u00e9s [&hellip;]<\/p>\n","protected":false},"author":1,"featured_media":0,"parent":0,"menu_order":0,"comment_status":"closed","ping_status":"closed","template":"","meta":{"footnotes":""},"class_list":["post-270","page","type-page","status-publish","hentry"],"yoast_head":"<!-- This site is optimized with the Yoast SEO plugin v27.3 - https:\/\/yoast.com\/product\/yoast-seo-wordpress\/ -->\n<title>Ismerj meg minket - M-Travel<\/title>\n<meta name=\"description\" content=\"Csal\u00e1di v\u00e1llalkoz\u00e1sunk 1997 \u00f3ta ny\u00fajt pr\u00e9mium szem\u00e9lysz\u00e1ll\u00edt\u00e1si szolg\u00e1ltat\u00e1sokat. Ismerj meg minket \u00e9s elk\u00f6telezetts\u00e9g\u00fcnket az utasaink ir\u00e1nt!\" \/>\n<meta name=\"robots\" content=\"index, follow, max-snippet:-1, max-image-preview:large, max-video-preview:-1\" \/>\n<link rel=\"canonical\" href=\"https:\/\/mn-travel.hu\/en\/about-us\/\" \/>\n<meta property=\"og:locale\" content=\"en_GB\" \/>\n<meta property=\"og:type\" content=\"article\" \/>\n<meta property=\"og:title\" content=\"Ismerj meg minket - M-Travel\" \/>\n<meta property=\"og:description\" content=\"Csal\u00e1di v\u00e1llalkoz\u00e1sunk 1997 \u00f3ta ny\u00fajt pr\u00e9mium szem\u00e9lysz\u00e1ll\u00edt\u00e1si szolg\u00e1ltat\u00e1sokat. Ismerj meg minket \u00e9s elk\u00f6telezetts\u00e9g\u00fcnket az utasaink ir\u00e1nt!\" \/>\n<meta property=\"og:url\" content=\"https:\/\/mn-travel.hu\/en\/about-us\/\" \/>\n<meta property=\"og:site_name\" content=\"M-Travel\" \/>\n<meta property=\"article:modified_time\" content=\"2025-06-30T19:11:12+00:00\" \/>\n<meta name=\"twitter:card\" content=\"summary_large_image\" \/>\n<meta name=\"twitter:label1\" content=\"Estimated reading time\" \/>\n\t<meta name=\"twitter:data1\" content=\"1 minute\" \/>\n<script type=\"application\/ld+json\" class=\"yoast-schema-graph\">{\"@context\":\"https:\\\/\\\/schema.org\",\"@graph\":[{\"@type\":\"WebPage\",\"@id\":\"https:\\\/\\\/mn-travel.hu\\\/ismerj-meg-minket\\\/\",\"url\":\"https:\\\/\\\/mn-travel.hu\\\/ismerj-meg-minket\\\/\",\"name\":\"Ismerj meg minket - M-Travel\",\"isPartOf\":{\"@id\":\"https:\\\/\\\/mn-travel.hu\\\/#website\"},\"datePublished\":\"2024-12-02T11:54:45+00:00\",\"dateModified\":\"2025-06-30T19:11:12+00:00\",\"description\":\"Csal\u00e1di v\u00e1llalkoz\u00e1sunk 1997 \u00f3ta ny\u00fajt pr\u00e9mium szem\u00e9lysz\u00e1ll\u00edt\u00e1si szolg\u00e1ltat\u00e1sokat. Ismerj meg minket \u00e9s elk\u00f6telezetts\u00e9g\u00fcnket az utasaink ir\u00e1nt!\",\"breadcrumb\":{\"@id\":\"https:\\\/\\\/mn-travel.hu\\\/ismerj-meg-minket\\\/#breadcrumb\"},\"inLanguage\":\"en-GB\",\"potentialAction\":[{\"@type\":\"ReadAction\",\"target\":[\"https:\\\/\\\/mn-travel.hu\\\/ismerj-meg-minket\\\/\"]}]},{\"@type\":\"BreadcrumbList\",\"@id\":\"https:\\\/\\\/mn-travel.hu\\\/ismerj-meg-minket\\\/#breadcrumb\",\"itemListElement\":[{\"@type\":\"ListItem\",\"position\":1,\"name\":\"Kezd\u0151lap\",\"item\":\"https:\\\/\\\/mn-travel.hu\\\/\"},{\"@type\":\"ListItem\",\"position\":2,\"name\":\"Ismerj meg minket\"}]},{\"@type\":\"WebSite\",\"@id\":\"https:\\\/\\\/mn-travel.hu\\\/#website\",\"url\":\"https:\\\/\\\/mn-travel.hu\\\/\",\"name\":\"M-Travel\",\"description\":\"Pr\u00e9mium szem\u00e9lysz\u00e1ll\u00edt\u00e1s\",\"publisher\":{\"@id\":\"https:\\\/\\\/mn-travel.hu\\\/#organization\"},\"potentialAction\":[{\"@type\":\"SearchAction\",\"target\":{\"@type\":\"EntryPoint\",\"urlTemplate\":\"https:\\\/\\\/mn-travel.hu\\\/?s={search_term_string}\"},\"query-input\":{\"@type\":\"PropertyValueSpecification\",\"valueRequired\":true,\"valueName\":\"search_term_string\"}}],\"inLanguage\":\"en-GB\"},{\"@type\":\"Organization\",\"@id\":\"https:\\\/\\\/mn-travel.hu\\\/#organization\",\"name\":\"M-Travel\",\"url\":\"https:\\\/\\\/mn-travel.hu\\\/\",\"logo\":{\"@type\":\"ImageObject\",\"inLanguage\":\"en-GB\",\"@id\":\"https:\\\/\\\/mn-travel.hu\\\/#\\\/schema\\\/logo\\\/image\\\/\",\"url\":\"https:\\\/\\\/mn-travel.hu\\\/wp-content\\\/uploads\\\/2024\\\/12\\\/logo-feher.png\",\"contentUrl\":\"https:\\\/\\\/mn-travel.hu\\\/wp-content\\\/uploads\\\/2024\\\/12\\\/logo-feher.png\",\"width\":500,\"height\":200,\"caption\":\"M-Travel\"},\"image\":{\"@id\":\"https:\\\/\\\/mn-travel.hu\\\/#\\\/schema\\\/logo\\\/image\\\/\"}}]}<\/script>\n<!-- \/ Yoast SEO plugin. -->","yoast_head_json":{"title":"About us - M-Travel","description":"Our family business has been providing premium transportation services since 1997. Get to know us and our commitment to our passengers!","robots":{"index":"index","follow":"follow","max-snippet":"max-snippet:-1","max-image-preview":"max-image-preview:large","max-video-preview":"max-video-preview:-1"},"canonical":"https:\/\/mn-travel.hu\/en\/about-us\/","og_locale":"en_GB","og_type":"article","og_title":"Ismerj meg minket - M-Travel","og_description":"Csal\u00e1di v\u00e1llalkoz\u00e1sunk 1997 \u00f3ta ny\u00fajt pr\u00e9mium szem\u00e9lysz\u00e1ll\u00edt\u00e1si szolg\u00e1ltat\u00e1sokat. Ismerj meg minket \u00e9s elk\u00f6telezetts\u00e9g\u00fcnket az utasaink ir\u00e1nt!","og_url":"https:\/\/mn-travel.hu\/en\/about-us\/","og_site_name":"M-Travel","article_modified_time":"2025-06-30T19:11:12+00:00","twitter_card":"summary_large_image","twitter_misc":{"Estimated reading time":"1 minute"},"schema":{"@context":"https:\/\/schema.org","@graph":[{"@type":"WebPage","@id":"https:\/\/mn-travel.hu\/ismerj-meg-minket\/","url":"https:\/\/mn-travel.hu\/ismerj-meg-minket\/","name":"About us - M-Travel","isPartOf":{"@id":"https:\/\/mn-travel.hu\/#website"},"datePublished":"2024-12-02T11:54:45+00:00","dateModified":"2025-06-30T19:11:12+00:00","description":"Our family business has been providing premium transportation services since 1997. Get to know us and our commitment to our passengers!","breadcrumb":{"@id":"https:\/\/mn-travel.hu\/ismerj-meg-minket\/#breadcrumb"},"inLanguage":"en-GB","potentialAction":[{"@type":"ReadAction","target":["https:\/\/mn-travel.hu\/ismerj-meg-minket\/"]}]},{"@type":"BreadcrumbList","@id":"https:\/\/mn-travel.hu\/ismerj-meg-minket\/#breadcrumb","itemListElement":[{"@type":"ListItem","position":1,"name":"Kezd\u0151lap","item":"https:\/\/mn-travel.hu\/"},{"@type":"ListItem","position":2,"name":"Ismerj meg minket"}]},{"@type":"WebSite","@id":"https:\/\/mn-travel.hu\/#website","url":"https:\/\/mn-travel.hu\/","name":"M-Travel","description":"Premium Transportation","publisher":{"@id":"https:\/\/mn-travel.hu\/#organization"},"potentialAction":[{"@type":"SearchAction","target":{"@type":"EntryPoint","urlTemplate":"https:\/\/mn-travel.hu\/?s={search_term_string}"},"query-input":{"@type":"PropertyValueSpecification","valueRequired":true,"valueName":"search_term_string"}}],"inLanguage":"en-GB"},{"@type":"Organization","@id":"https:\/\/mn-travel.hu\/#organization","name":"M-Travel","url":"https:\/\/mn-travel.hu\/","logo":{"@type":"ImageObject","inLanguage":"en-GB","@id":"https:\/\/mn-travel.hu\/#\/schema\/logo\/image\/","url":"https:\/\/mn-travel.hu\/wp-content\/uploads\/2024\/12\/logo-feher.png","contentUrl":"https:\/\/mn-travel.hu\/wp-content\/uploads\/2024\/12\/logo-feher.png","width":500,"height":200,"caption":"M-Travel"},"image":{"@id":"https:\/\/mn-travel.hu\/#\/schema\/logo\/image\/"}}]}},"_links":{"self":[{"href":"https:\/\/mn-travel.hu\/en\/wp-json\/wp\/v2\/pages\/270","targetHints":{"allow":["GET"]}}],"collection":[{"href":"https:\/\/mn-travel.hu\/en\/wp-json\/wp\/v2\/pages"}],"about":[{"href":"https:\/\/mn-travel.hu\/en\/wp-json\/wp\/v2\/types\/page"}],"author":[{"embeddable":true,"href":"https:\/\/mn-travel.hu\/en\/wp-json\/wp\/v2\/users\/1"}],"replies":[{"embeddable":true,"href":"https:\/\/mn-travel.hu\/en\/wp-json\/wp\/v2\/comments?post=270"}],"version-history":[{"count":110,"href":"https:\/\/mn-travel.hu\/en\/wp-json\/wp\/v2\/pages\/270\/revisions"}],"predecessor-version":[{"id":1334,"href":"https:\/\/mn-travel.hu\/en\/wp-json\/wp\/v2\/pages\/270\/revisions\/1334"}],"wp:attachment":[{"href":"https:\/\/mn-travel.hu\/en\/wp-json\/wp\/v2\/media?parent=270"}],"curies":[{"name":"wp","href":"https:\/\/api.w.org\/{rel}","templated":true}]}}