{"id":274,"date":"2024-12-02T12:55:38","date_gmt":"2024-12-02T11:55:38","guid":{"rendered":"https:\/\/mn-travel.hu\/?page_id=274"},"modified":"2025-11-08T09:27:20","modified_gmt":"2025-11-08T08:27:20","slug":"gallery","status":"publish","type":"page","link":"https:\/\/mn-travel.hu\/en\/m-travel-kepekben\/","title":{"rendered":"Gallery"},"content":{"rendered":"<div data-elementor-type=\"wp-page\" data-elementor-id=\"274\" class=\"elementor elementor-274\" data-elementor-post-type=\"page\">\n\t\t\t\t<div class=\"elementor-element elementor-element-f5d67b1 e-con-full e-flex e-con e-parent\" data-id=\"f5d67b1\" data-element_type=\"container\" data-e-type=\"container\" data-settings=\"{&quot;background_background&quot;:&quot;classic&quot;}\">\n\t\t\t\t<div class=\"elementor-element elementor-element-a2c77e5 elementor-invisible elementor-widget elementor-widget-heading\" data-id=\"a2c77e5\" data-element_type=\"widget\" data-e-type=\"widget\" data-settings=\"{&quot;_animation&quot;:&quot;fadeIn&quot;}\" data-widget_type=\"heading.default\">\n\t\t\t\t<div class=\"elementor-widget-container\">\n\t\t\t\t\t<h1 class=\"elementor-heading-title elementor-size-default\">GALLERY<\/h1>\t\t\t\t<\/div>\n\t\t\t\t<\/div>\n\t\t\t\t<\/div>\n\t\t<div class=\"elementor-element elementor-element-b8a29aa e-flex e-con-boxed e-con e-parent\" data-id=\"b8a29aa\" data-element_type=\"container\" data-e-type=\"container\">\n\t\t\t\t\t<div class=\"e-con-inner\">\n\t\t\t\t<div class=\"elementor-element elementor-element-c9995ee elementor-widget elementor-widget-gallery\" data-id=\"c9995ee\" data-element_type=\"widget\" data-e-type=\"widget\" data-settings=\"{&quot;columns&quot;:3,&quot;gap&quot;:{&quot;unit&quot;:&quot;px&quot;,&quot;size&quot;:24,&quot;sizes&quot;:[]},&quot;aspect_ratio&quot;:&quot;1:1&quot;,&quot;lazyload&quot;:&quot;yes&quot;,&quot;gallery_layout&quot;:&quot;grid&quot;,&quot;columns_tablet&quot;:2,&quot;columns_mobile&quot;:1,&quot;gap_laptop&quot;:{&quot;unit&quot;:&quot;px&quot;,&quot;size&quot;:10,&quot;sizes&quot;:[]},&quot;gap_tablet&quot;:{&quot;unit&quot;:&quot;px&quot;,&quot;size&quot;:10,&quot;sizes&quot;:[]},&quot;gap_mobile&quot;:{&quot;unit&quot;:&quot;px&quot;,&quot;size&quot;:10,&quot;sizes&quot;:[]},&quot;link_to&quot;:&quot;file&quot;,&quot;overlay_background&quot;:&quot;yes&quot;,&quot;content_hover_animation&quot;:&quot;fade-in&quot;}\" data-widget_type=\"gallery.default\">\n\t\t\t\t<div class=\"elementor-widget-container\">\n\t\t\t\t\t\t\t<div class=\"elementor-gallery__container\">\n\t\t\t\t\t\t\t<a class=\"e-gallery-item elementor-gallery-item elementor-animated-content\" href=\"https:\/\/mn-travel.hu\/wp-content\/uploads\/2025\/01\/m-travel-mercedes-duna.jpg\" data-elementor-open-lightbox=\"yes\" data-elementor-lightbox-slideshow=\"c9995ee\" data-elementor-lightbox-title=\"M-Travel Dunapart \u00e9s Parlament\" data-e-action-hash=\"#elementor-action%3Aaction%3Dlightbox%26settings%3DeyJpZCI6MTA3NiwidXJsIjoiaHR0cHM6XC9cL21uLXRyYXZlbC5odVwvd3AtY29udGVudFwvdXBsb2Fkc1wvMjAyNVwvMDFcL20tdHJhdmVsLW1lcmNlZGVzLWR1bmEuanBnIiwic2xpZGVzaG93IjoiYzk5OTVlZSJ9\">\n\t\t\t\t\t<div class=\"e-gallery-image elementor-gallery-item__image\" data-thumbnail=\"https:\/\/mn-travel.hu\/wp-content\/uploads\/2025\/01\/m-travel-mercedes-duna.jpg\" data-width=\"1080\" data-height=\"1080\" aria-label=\"M-Travel Danube and Parliament\" role=\"img\" ><\/div>\n\t\t\t\t\t\t\t\t\t\t\t<div class=\"elementor-gallery-item__overlay\"><\/div>\n\t\t\t\t\t\t\t\t\t\t\t\t\t\t<\/a>\n\t\t\t\t\t\t\t<a class=\"e-gallery-item elementor-gallery-item elementor-animated-content\" href=\"https:\/\/mn-travel.hu\/wp-content\/uploads\/2025\/01\/m-travel-mercedes-parlament.jpg\" data-elementor-open-lightbox=\"yes\" data-elementor-lightbox-slideshow=\"c9995ee\" data-elementor-lightbox-title=\"M-Travel \u00e9s Parlament\" data-e-action-hash=\"#elementor-action%3Aaction%3Dlightbox%26settings%3DeyJpZCI6MTA3NSwidXJsIjoiaHR0cHM6XC9cL21uLXRyYXZlbC5odVwvd3AtY29udGVudFwvdXBsb2Fkc1wvMjAyNVwvMDFcL20tdHJhdmVsLW1lcmNlZGVzLXBhcmxhbWVudC5qcGciLCJzbGlkZXNob3ciOiJjOTk5NWVlIn0%3D\">\n\t\t\t\t\t<div class=\"e-gallery-image elementor-gallery-item__image\" data-thumbnail=\"https:\/\/mn-travel.hu\/wp-content\/uploads\/2025\/01\/m-travel-mercedes-parlament.jpg\" data-width=\"1080\" data-height=\"1080\" aria-label=\"M-Travel and Parliament\" role=\"img\" ><\/div>\n\t\t\t\t\t\t\t\t\t\t\t<div class=\"elementor-gallery-item__overlay\"><\/div>\n\t\t\t\t\t\t\t\t\t\t\t\t\t\t<\/a>\n\t\t\t\t\t\t\t<a class=\"e-gallery-item elementor-gallery-item elementor-animated-content\" href=\"https:\/\/mn-travel.hu\/wp-content\/uploads\/2025\/01\/mtravel-mercedes-budi-var.jpg\" data-elementor-open-lightbox=\"yes\" data-elementor-lightbox-slideshow=\"c9995ee\" data-elementor-lightbox-title=\"M-Travel a Budai V\u00e1rn\u00e1l\" data-e-action-hash=\"#elementor-action%3Aaction%3Dlightbox%26settings%3DeyJpZCI6MTA3MSwidXJsIjoiaHR0cHM6XC9cL21uLXRyYXZlbC5odVwvd3AtY29udGVudFwvdXBsb2Fkc1wvMjAyNVwvMDFcL210cmF2ZWwtbWVyY2VkZXMtYnVkaS12YXIuanBnIiwic2xpZGVzaG93IjoiYzk5OTVlZSJ9\">\n\t\t\t\t\t<div class=\"e-gallery-image elementor-gallery-item__image\" data-thumbnail=\"https:\/\/mn-travel.hu\/wp-content\/uploads\/2025\/01\/mtravel-mercedes-budi-var.jpg\" data-width=\"1080\" data-height=\"1080\" aria-label=\"M-Travel at the Buda Castle\" role=\"img\" ><\/div>\n\t\t\t\t\t\t\t\t\t\t\t<div class=\"elementor-gallery-item__overlay\"><\/div>\n\t\t\t\t\t\t\t\t\t\t\t\t\t\t<\/a>\n\t\t\t\t\t\t\t<a class=\"e-gallery-item elementor-gallery-item elementor-animated-content\" href=\"https:\/\/mn-travel.hu\/wp-content\/uploads\/2025\/01\/mtravel-mercedes-buda.jpg\" data-elementor-open-lightbox=\"yes\" data-elementor-lightbox-slideshow=\"c9995ee\" data-elementor-lightbox-title=\"Pr\u00e9mium aut\u00f3nk a Budai hegyen\" data-e-action-hash=\"#elementor-action%3Aaction%3Dlightbox%26settings%3DeyJpZCI6MTA2OSwidXJsIjoiaHR0cHM6XC9cL21uLXRyYXZlbC5odVwvd3AtY29udGVudFwvdXBsb2Fkc1wvMjAyNVwvMDFcL210cmF2ZWwtbWVyY2VkZXMtYnVkYS5qcGciLCJzbGlkZXNob3ciOiJjOTk5NWVlIn0%3D\">\n\t\t\t\t\t<div class=\"e-gallery-image elementor-gallery-item__image\" data-thumbnail=\"https:\/\/mn-travel.hu\/wp-content\/uploads\/2025\/01\/mtravel-mercedes-buda.jpg\" data-width=\"1080\" data-height=\"1080\" aria-label=\"Our premium car on Buda Hill\" role=\"img\" ><\/div>\n\t\t\t\t\t\t\t\t\t\t\t<div class=\"elementor-gallery-item__overlay\"><\/div>\n\t\t\t\t\t\t\t\t\t\t\t\t\t\t<\/a>\n\t\t\t\t\t\t\t<a class=\"e-gallery-item elementor-gallery-item elementor-animated-content\" href=\"https:\/\/mn-travel.hu\/wp-content\/uploads\/2025\/01\/m-travel-mercedes-nagy-diana.jpg\" data-elementor-open-lightbox=\"yes\" data-elementor-lightbox-slideshow=\"c9995ee\" data-elementor-lightbox-title=\"Kapcsolattart\u00f3 koll\u00e9g\u00e1nk\" data-e-action-hash=\"#elementor-action%3Aaction%3Dlightbox%26settings%3DeyJpZCI6MTA0MSwidXJsIjoiaHR0cHM6XC9cL21uLXRyYXZlbC5odVwvd3AtY29udGVudFwvdXBsb2Fkc1wvMjAyNVwvMDFcL20tdHJhdmVsLW1lcmNlZGVzLW5hZ3ktZGlhbmEuanBnIiwic2xpZGVzaG93IjoiYzk5OTVlZSJ9\">\n\t\t\t\t\t<div class=\"e-gallery-image elementor-gallery-item__image\" data-thumbnail=\"https:\/\/mn-travel.hu\/wp-content\/uploads\/2025\/01\/m-travel-mercedes-nagy-diana.jpg\" data-width=\"1080\" data-height=\"1080\" aria-label=\"Our contact colleague\" role=\"img\" ><\/div>\n\t\t\t\t\t\t\t\t\t\t\t<div class=\"elementor-gallery-item__overlay\"><\/div>\n\t\t\t\t\t\t\t\t\t\t\t\t\t\t<\/a>\n\t\t\t\t\t\t\t<a class=\"e-gallery-item elementor-gallery-item elementor-animated-content\" href=\"https:\/\/mn-travel.hu\/wp-content\/uploads\/2025\/06\/volkswagen-balaton.jpg\" data-elementor-open-lightbox=\"yes\" data-elementor-lightbox-slideshow=\"c9995ee\" data-elementor-lightbox-title=\"volkswagen-balaton\" data-e-action-hash=\"#elementor-action%3Aaction%3Dlightbox%26settings%3DeyJpZCI6MTMwMywidXJsIjoiaHR0cHM6XC9cL21uLXRyYXZlbC5odVwvd3AtY29udGVudFwvdXBsb2Fkc1wvMjAyNVwvMDZcL3ZvbGtzd2FnZW4tYmFsYXRvbi5qcGciLCJzbGlkZXNob3ciOiJjOTk5NWVlIn0%3D\">\n\t\t\t\t\t<div class=\"e-gallery-image elementor-gallery-item__image\" data-thumbnail=\"https:\/\/mn-travel.hu\/wp-content\/uploads\/2025\/06\/volkswagen-balaton.jpg\" data-width=\"1080\" data-height=\"1080\" aria-label=\"\" role=\"img\" ><\/div>\n\t\t\t\t\t\t\t\t\t\t\t<div class=\"elementor-gallery-item__overlay\"><\/div>\n\t\t\t\t\t\t\t\t\t\t\t\t\t\t<\/a>\n\t\t\t\t\t\t\t<a class=\"e-gallery-item elementor-gallery-item elementor-animated-content\" href=\"https:\/\/mn-travel.hu\/wp-content\/uploads\/2025\/06\/ford-bazilika.jpg\" data-elementor-open-lightbox=\"yes\" data-elementor-lightbox-slideshow=\"c9995ee\" data-elementor-lightbox-title=\"ford-bazilika\" data-e-action-hash=\"#elementor-action%3Aaction%3Dlightbox%26settings%3DeyJpZCI6MTMwNCwidXJsIjoiaHR0cHM6XC9cL21uLXRyYXZlbC5odVwvd3AtY29udGVudFwvdXBsb2Fkc1wvMjAyNVwvMDZcL2ZvcmQtYmF6aWxpa2EuanBnIiwic2xpZGVzaG93IjoiYzk5OTVlZSJ9\">\n\t\t\t\t\t<div class=\"e-gallery-image elementor-gallery-item__image\" data-thumbnail=\"https:\/\/mn-travel.hu\/wp-content\/uploads\/2025\/06\/ford-bazilika.jpg\" data-width=\"1080\" data-height=\"1080\" aria-label=\"\" role=\"img\" ><\/div>\n\t\t\t\t\t\t\t\t\t\t\t<div class=\"elementor-gallery-item__overlay\"><\/div>\n\t\t\t\t\t\t\t\t\t\t\t\t\t\t<\/a>\n\t\t\t\t\t\t\t<a class=\"e-gallery-item elementor-gallery-item elementor-animated-content\" href=\"https:\/\/mn-travel.hu\/wp-content\/uploads\/2025\/06\/mercedes-airport.jpg\" data-elementor-open-lightbox=\"yes\" data-elementor-lightbox-slideshow=\"c9995ee\" data-elementor-lightbox-title=\"mercedes-airport\" data-e-action-hash=\"#elementor-action%3Aaction%3Dlightbox%26settings%3DeyJpZCI6MTMwNSwidXJsIjoiaHR0cHM6XC9cL21uLXRyYXZlbC5odVwvd3AtY29udGVudFwvdXBsb2Fkc1wvMjAyNVwvMDZcL21lcmNlZGVzLWFpcnBvcnQuanBnIiwic2xpZGVzaG93IjoiYzk5OTVlZSJ9\">\n\t\t\t\t\t<div class=\"e-gallery-image elementor-gallery-item__image\" data-thumbnail=\"https:\/\/mn-travel.hu\/wp-content\/uploads\/2025\/06\/mercedes-airport.jpg\" data-width=\"1080\" data-height=\"1080\" aria-label=\"\" role=\"img\" ><\/div>\n\t\t\t\t\t\t\t\t\t\t\t<div class=\"elementor-gallery-item__overlay\"><\/div>\n\t\t\t\t\t\t\t\t\t\t\t\t\t\t<\/a>\n\t\t\t\t\t\t\t<a class=\"e-gallery-item elementor-gallery-item elementor-animated-content\" href=\"https:\/\/mn-travel.hu\/wp-content\/uploads\/2025\/06\/mercedes-flotta.jpg\" data-elementor-open-lightbox=\"yes\" data-elementor-lightbox-slideshow=\"c9995ee\" data-elementor-lightbox-title=\"mercedes-flotta\" data-e-action-hash=\"#elementor-action%3Aaction%3Dlightbox%26settings%3DeyJpZCI6MTMwNiwidXJsIjoiaHR0cHM6XC9cL21uLXRyYXZlbC5odVwvd3AtY29udGVudFwvdXBsb2Fkc1wvMjAyNVwvMDZcL21lcmNlZGVzLWZsb3R0YS5qcGciLCJzbGlkZXNob3ciOiJjOTk5NWVlIn0%3D\">\n\t\t\t\t\t<div class=\"e-gallery-image elementor-gallery-item__image\" data-thumbnail=\"https:\/\/mn-travel.hu\/wp-content\/uploads\/2025\/06\/mercedes-flotta.jpg\" data-width=\"1080\" data-height=\"1080\" aria-label=\"\" role=\"img\" ><\/div>\n\t\t\t\t\t\t\t\t\t\t\t<div class=\"elementor-gallery-item__overlay\"><\/div>\n\t\t\t\t\t\t\t\t\t\t\t\t\t\t<\/a>\n\t\t\t\t\t\t\t<a class=\"e-gallery-item elementor-gallery-item elementor-animated-content\" href=\"https:\/\/mn-travel.hu\/wp-content\/uploads\/2025\/06\/mtravel-flotta.jpg\" data-elementor-open-lightbox=\"yes\" data-elementor-lightbox-slideshow=\"c9995ee\" data-elementor-lightbox-title=\"mtravel-flotta\" data-e-action-hash=\"#elementor-action%3Aaction%3Dlightbox%26settings%3DeyJpZCI6MTMwNywidXJsIjoiaHR0cHM6XC9cL21uLXRyYXZlbC5odVwvd3AtY29udGVudFwvdXBsb2Fkc1wvMjAyNVwvMDZcL210cmF2ZWwtZmxvdHRhLmpwZyIsInNsaWRlc2hvdyI6ImM5OTk1ZWUifQ%3D%3D\">\n\t\t\t\t\t<div class=\"e-gallery-image elementor-gallery-item__image\" data-thumbnail=\"https:\/\/mn-travel.hu\/wp-content\/uploads\/2025\/06\/mtravel-flotta.jpg\" data-width=\"1080\" data-height=\"1080\" aria-label=\"\" role=\"img\" ><\/div>\n\t\t\t\t\t\t\t\t\t\t\t<div class=\"elementor-gallery-item__overlay\"><\/div>\n\t\t\t\t\t\t\t\t\t\t\t\t\t\t<\/a>\n\t\t\t\t\t\t\t<a class=\"e-gallery-item elementor-gallery-item elementor-animated-content\" href=\"https:\/\/mn-travel.hu\/wp-content\/uploads\/2025\/11\/mtravel-flotta-napsutes.jpg\" data-elementor-open-lightbox=\"yes\" data-elementor-lightbox-slideshow=\"c9995ee\" data-elementor-lightbox-title=\"mtravel flotta napsutes\" data-e-action-hash=\"#elementor-action%3Aaction%3Dlightbox%26settings%3DeyJpZCI6MTM0MywidXJsIjoiaHR0cHM6XC9cL21uLXRyYXZlbC5odVwvd3AtY29udGVudFwvdXBsb2Fkc1wvMjAyNVwvMTFcL210cmF2ZWwtZmxvdHRhLW5hcHN1dGVzLmpwZyIsInNsaWRlc2hvdyI6ImM5OTk1ZWUifQ%3D%3D\">\n\t\t\t\t\t<div class=\"e-gallery-image elementor-gallery-item__image\" data-thumbnail=\"https:\/\/mn-travel.hu\/wp-content\/uploads\/2025\/11\/mtravel-flotta-napsutes.jpg\" data-width=\"1080\" data-height=\"1080\" aria-label=\"mtravel flotta napsutes\" role=\"img\" ><\/div>\n\t\t\t\t\t\t\t\t\t\t\t<div class=\"elementor-gallery-item__overlay\"><\/div>\n\t\t\t\t\t\t\t\t\t\t\t\t\t\t<\/a>\n\t\t\t\t\t\t\t<a class=\"e-gallery-item elementor-gallery-item elementor-animated-content\" href=\"https:\/\/mn-travel.hu\/wp-content\/uploads\/2025\/11\/mercedes-belso.jpg\" data-elementor-open-lightbox=\"yes\" data-elementor-lightbox-slideshow=\"c9995ee\" data-elementor-lightbox-title=\"mercedes belso\" data-e-action-hash=\"#elementor-action%3Aaction%3Dlightbox%26settings%3DeyJpZCI6MTM0NCwidXJsIjoiaHR0cHM6XC9cL21uLXRyYXZlbC5odVwvd3AtY29udGVudFwvdXBsb2Fkc1wvMjAyNVwvMTFcL21lcmNlZGVzLWJlbHNvLmpwZyIsInNsaWRlc2hvdyI6ImM5OTk1ZWUifQ%3D%3D\">\n\t\t\t\t\t<div class=\"e-gallery-image elementor-gallery-item__image\" data-thumbnail=\"https:\/\/mn-travel.hu\/wp-content\/uploads\/2025\/11\/mercedes-belso.jpg\" data-width=\"1080\" data-height=\"1080\" aria-label=\"mercedes belso\" role=\"img\" ><\/div>\n\t\t\t\t\t\t\t\t\t\t\t<div class=\"elementor-gallery-item__overlay\"><\/div>\n\t\t\t\t\t\t\t\t\t\t\t\t\t\t<\/a>\n\t\t\t\t\t\t\t<a class=\"e-gallery-item elementor-gallery-item elementor-animated-content\" href=\"https:\/\/mn-travel.hu\/wp-content\/uploads\/2025\/11\/mercedes-portre.jpg\" data-elementor-open-lightbox=\"yes\" data-elementor-lightbox-slideshow=\"c9995ee\" data-elementor-lightbox-title=\"mercedes portre\" data-e-action-hash=\"#elementor-action%3Aaction%3Dlightbox%26settings%3DeyJpZCI6MTM0NSwidXJsIjoiaHR0cHM6XC9cL21uLXRyYXZlbC5odVwvd3AtY29udGVudFwvdXBsb2Fkc1wvMjAyNVwvMTFcL21lcmNlZGVzLXBvcnRyZS5qcGciLCJzbGlkZXNob3ciOiJjOTk5NWVlIn0%3D\">\n\t\t\t\t\t<div class=\"e-gallery-image elementor-gallery-item__image\" data-thumbnail=\"https:\/\/mn-travel.hu\/wp-content\/uploads\/2025\/11\/mercedes-portre.jpg\" data-width=\"1080\" data-height=\"1080\" aria-label=\"mercedes portre\" role=\"img\" ><\/div>\n\t\t\t\t\t\t\t\t\t\t\t<div class=\"elementor-gallery-item__overlay\"><\/div>\n\t\t\t\t\t\t\t\t\t\t\t\t\t\t<\/a>\n\t\t\t\t\t\t\t<a class=\"e-gallery-item elementor-gallery-item elementor-animated-content\" href=\"https:\/\/mn-travel.hu\/wp-content\/uploads\/2025\/11\/mtravel-flotta.jpg\" data-elementor-open-lightbox=\"yes\" data-elementor-lightbox-slideshow=\"c9995ee\" data-elementor-lightbox-title=\"mtravel flotta\" data-e-action-hash=\"#elementor-action%3Aaction%3Dlightbox%26settings%3DeyJpZCI6MTM0NiwidXJsIjoiaHR0cHM6XC9cL21uLXRyYXZlbC5odVwvd3AtY29udGVudFwvdXBsb2Fkc1wvMjAyNVwvMTFcL210cmF2ZWwtZmxvdHRhLmpwZyIsInNsaWRlc2hvdyI6ImM5OTk1ZWUifQ%3D%3D\">\n\t\t\t\t\t<div class=\"e-gallery-image elementor-gallery-item__image\" data-thumbnail=\"https:\/\/mn-travel.hu\/wp-content\/uploads\/2025\/11\/mtravel-flotta.jpg\" data-width=\"1080\" data-height=\"1080\" aria-label=\"mtravel flotta\" role=\"img\" ><\/div>\n\t\t\t\t\t\t\t\t\t\t\t<div class=\"elementor-gallery-item__overlay\"><\/div>\n\t\t\t\t\t\t\t\t\t\t\t\t\t\t<\/a>\n\t\t\t\t\t<\/div>\n\t\t\t\t\t<\/div>\n\t\t\t\t<\/div>\n\t\t\t\t\t<\/div>\n\t\t\t\t<\/div>\n\t\t\t\t<\/div>","protected":false},"excerpt":{"rendered":"<p>GALLERY<\/p>","protected":false},"author":1,"featured_media":0,"parent":0,"menu_order":0,"comment_status":"closed","ping_status":"closed","template":"","meta":{"footnotes":""},"class_list":["post-274","page","type-page","status-publish","hentry"],"yoast_head":"<!-- This site is optimized with the Yoast SEO plugin v27.3 - https:\/\/yoast.com\/product\/yoast-seo-wordpress\/ -->\n<title>Gal\u00e9ria - M-Travel<\/title>\n<meta name=\"description\" content=\"Fedezd fel szem\u00e9lysz\u00e1ll\u00edt\u00e1si szolg\u00e1ltat\u00e1sunk legszebb pillanatait! Gal\u00e9ri\u00e1nkban j\u00e1rm\u0171v\u00fcnk, t\u00far\u00e1ink \u00e9s utaz\u00e1si \u00e9lm\u00e9nyeink k\u00e9pei v\u00e1rnak.\" \/>\n<meta name=\"robots\" content=\"index, follow, max-snippet:-1, max-image-preview:large, max-video-preview:-1\" \/>\n<link rel=\"canonical\" href=\"https:\/\/mn-travel.hu\/en\/gallery\/\" \/>\n<meta property=\"og:locale\" content=\"en_GB\" \/>\n<meta property=\"og:type\" content=\"article\" \/>\n<meta property=\"og:title\" content=\"Gal\u00e9ria - M-Travel\" \/>\n<meta property=\"og:description\" content=\"Fedezd fel szem\u00e9lysz\u00e1ll\u00edt\u00e1si szolg\u00e1ltat\u00e1sunk legszebb pillanatait! Gal\u00e9ri\u00e1nkban j\u00e1rm\u0171v\u00fcnk, t\u00far\u00e1ink \u00e9s utaz\u00e1si \u00e9lm\u00e9nyeink k\u00e9pei v\u00e1rnak.\" \/>\n<meta property=\"og:url\" content=\"https:\/\/mn-travel.hu\/en\/gallery\/\" \/>\n<meta property=\"og:site_name\" content=\"M-Travel\" \/>\n<meta property=\"article:modified_time\" content=\"2025-11-08T08:27:20+00:00\" \/>\n<meta name=\"twitter:card\" content=\"summary_large_image\" \/>\n<meta name=\"twitter:label1\" content=\"Estimated reading time\" \/>\n\t<meta name=\"twitter:data1\" content=\"1 minute\" \/>\n<script type=\"application\/ld+json\" class=\"yoast-schema-graph\">{\"@context\":\"https:\\\/\\\/schema.org\",\"@graph\":[{\"@type\":\"WebPage\",\"@id\":\"https:\\\/\\\/mn-travel.hu\\\/m-travel-kepekben\\\/\",\"url\":\"https:\\\/\\\/mn-travel.hu\\\/m-travel-kepekben\\\/\",\"name\":\"Gal\u00e9ria - M-Travel\",\"isPartOf\":{\"@id\":\"https:\\\/\\\/mn-travel.hu\\\/#website\"},\"datePublished\":\"2024-12-02T11:55:38+00:00\",\"dateModified\":\"2025-11-08T08:27:20+00:00\",\"description\":\"Fedezd fel szem\u00e9lysz\u00e1ll\u00edt\u00e1si szolg\u00e1ltat\u00e1sunk legszebb pillanatait! Gal\u00e9ri\u00e1nkban j\u00e1rm\u0171v\u00fcnk, t\u00far\u00e1ink \u00e9s utaz\u00e1si \u00e9lm\u00e9nyeink k\u00e9pei v\u00e1rnak.\",\"breadcrumb\":{\"@id\":\"https:\\\/\\\/mn-travel.hu\\\/m-travel-kepekben\\\/#breadcrumb\"},\"inLanguage\":\"en-GB\",\"potentialAction\":[{\"@type\":\"ReadAction\",\"target\":[\"https:\\\/\\\/mn-travel.hu\\\/m-travel-kepekben\\\/\"]}]},{\"@type\":\"BreadcrumbList\",\"@id\":\"https:\\\/\\\/mn-travel.hu\\\/m-travel-kepekben\\\/#breadcrumb\",\"itemListElement\":[{\"@type\":\"ListItem\",\"position\":1,\"name\":\"Kezd\u0151lap\",\"item\":\"https:\\\/\\\/mn-travel.hu\\\/\"},{\"@type\":\"ListItem\",\"position\":2,\"name\":\"Gal\u00e9ria\"}]},{\"@type\":\"WebSite\",\"@id\":\"https:\\\/\\\/mn-travel.hu\\\/#website\",\"url\":\"https:\\\/\\\/mn-travel.hu\\\/\",\"name\":\"M-Travel\",\"description\":\"Pr\u00e9mium szem\u00e9lysz\u00e1ll\u00edt\u00e1s\",\"publisher\":{\"@id\":\"https:\\\/\\\/mn-travel.hu\\\/#organization\"},\"potentialAction\":[{\"@type\":\"SearchAction\",\"target\":{\"@type\":\"EntryPoint\",\"urlTemplate\":\"https:\\\/\\\/mn-travel.hu\\\/?s={search_term_string}\"},\"query-input\":{\"@type\":\"PropertyValueSpecification\",\"valueRequired\":true,\"valueName\":\"search_term_string\"}}],\"inLanguage\":\"en-GB\"},{\"@type\":\"Organization\",\"@id\":\"https:\\\/\\\/mn-travel.hu\\\/#organization\",\"name\":\"M-Travel\",\"url\":\"https:\\\/\\\/mn-travel.hu\\\/\",\"logo\":{\"@type\":\"ImageObject\",\"inLanguage\":\"en-GB\",\"@id\":\"https:\\\/\\\/mn-travel.hu\\\/#\\\/schema\\\/logo\\\/image\\\/\",\"url\":\"https:\\\/\\\/mn-travel.hu\\\/wp-content\\\/uploads\\\/2024\\\/12\\\/logo-feher.png\",\"contentUrl\":\"https:\\\/\\\/mn-travel.hu\\\/wp-content\\\/uploads\\\/2024\\\/12\\\/logo-feher.png\",\"width\":500,\"height\":200,\"caption\":\"M-Travel\"},\"image\":{\"@id\":\"https:\\\/\\\/mn-travel.hu\\\/#\\\/schema\\\/logo\\\/image\\\/\"}}]}<\/script>\n<!-- \/ Yoast SEO plugin. -->","yoast_head_json":{"title":"Gallery","description":"Discover the most beautiful moments of our transportation services! In our gallery, you\u2019ll find images of our vehicle, tours, and travel experiences.","robots":{"index":"index","follow":"follow","max-snippet":"max-snippet:-1","max-image-preview":"max-image-preview:large","max-video-preview":"max-video-preview:-1"},"canonical":"https:\/\/mn-travel.hu\/en\/gallery\/","og_locale":"en_GB","og_type":"article","og_title":"Gal\u00e9ria - M-Travel","og_description":"Fedezd fel szem\u00e9lysz\u00e1ll\u00edt\u00e1si szolg\u00e1ltat\u00e1sunk legszebb pillanatait! Gal\u00e9ri\u00e1nkban j\u00e1rm\u0171v\u00fcnk, t\u00far\u00e1ink \u00e9s utaz\u00e1si \u00e9lm\u00e9nyeink k\u00e9pei v\u00e1rnak.","og_url":"https:\/\/mn-travel.hu\/en\/gallery\/","og_site_name":"M-Travel","article_modified_time":"2025-11-08T08:27:20+00:00","twitter_card":"summary_large_image","twitter_misc":{"Estimated reading time":"1 minute"},"schema":{"@context":"https:\/\/schema.org","@graph":[{"@type":"WebPage","@id":"https:\/\/mn-travel.hu\/m-travel-kepekben\/","url":"https:\/\/mn-travel.hu\/m-travel-kepekben\/","name":"Gallery","isPartOf":{"@id":"https:\/\/mn-travel.hu\/#website"},"datePublished":"2024-12-02T11:55:38+00:00","dateModified":"2025-11-08T08:27:20+00:00","description":"Discover the most beautiful moments of our transportation services! In our gallery, you\u2019ll find images of our vehicle, tours, and travel experiences.","breadcrumb":{"@id":"https:\/\/mn-travel.hu\/m-travel-kepekben\/#breadcrumb"},"inLanguage":"en-GB","potentialAction":[{"@type":"ReadAction","target":["https:\/\/mn-travel.hu\/m-travel-kepekben\/"]}]},{"@type":"BreadcrumbList","@id":"https:\/\/mn-travel.hu\/m-travel-kepekben\/#breadcrumb","itemListElement":[{"@type":"ListItem","position":1,"name":"Kezd\u0151lap","item":"https:\/\/mn-travel.hu\/"},{"@type":"ListItem","position":2,"name":"Gal\u00e9ria"}]},{"@type":"WebSite","@id":"https:\/\/mn-travel.hu\/#website","url":"https:\/\/mn-travel.hu\/","name":"M-Travel","description":"Premium Transportation","publisher":{"@id":"https:\/\/mn-travel.hu\/#organization"},"potentialAction":[{"@type":"SearchAction","target":{"@type":"EntryPoint","urlTemplate":"https:\/\/mn-travel.hu\/?s={search_term_string}"},"query-input":{"@type":"PropertyValueSpecification","valueRequired":true,"valueName":"search_term_string"}}],"inLanguage":"en-GB"},{"@type":"Organization","@id":"https:\/\/mn-travel.hu\/#organization","name":"M-Travel","url":"https:\/\/mn-travel.hu\/","logo":{"@type":"ImageObject","inLanguage":"en-GB","@id":"https:\/\/mn-travel.hu\/#\/schema\/logo\/image\/","url":"https:\/\/mn-travel.hu\/wp-content\/uploads\/2024\/12\/logo-feher.png","contentUrl":"https:\/\/mn-travel.hu\/wp-content\/uploads\/2024\/12\/logo-feher.png","width":500,"height":200,"caption":"M-Travel"},"image":{"@id":"https:\/\/mn-travel.hu\/#\/schema\/logo\/image\/"}}]}},"_links":{"self":[{"href":"https:\/\/mn-travel.hu\/en\/wp-json\/wp\/v2\/pages\/274","targetHints":{"allow":["GET"]}}],"collection":[{"href":"https:\/\/mn-travel.hu\/en\/wp-json\/wp\/v2\/pages"}],"about":[{"href":"https:\/\/mn-travel.hu\/en\/wp-json\/wp\/v2\/types\/page"}],"author":[{"embeddable":true,"href":"https:\/\/mn-travel.hu\/en\/wp-json\/wp\/v2\/users\/1"}],"replies":[{"embeddable":true,"href":"https:\/\/mn-travel.hu\/en\/wp-json\/wp\/v2\/comments?post=274"}],"version-history":[{"count":53,"href":"https:\/\/mn-travel.hu\/en\/wp-json\/wp\/v2\/pages\/274\/revisions"}],"predecessor-version":[{"id":1349,"href":"https:\/\/mn-travel.hu\/en\/wp-json\/wp\/v2\/pages\/274\/revisions\/1349"}],"wp:attachment":[{"href":"https:\/\/mn-travel.hu\/en\/wp-json\/wp\/v2\/media?parent=274"}],"curies":[{"name":"wp","href":"https:\/\/api.w.org\/{rel}","templated":true}]}}